{"id":14,"date":"2026-04-09T00:01:42","date_gmt":"2026-04-09T00:01:42","guid":{"rendered":"http:\/\/alluresavocats.com\/?page_id=14"},"modified":"2026-04-09T11:46:11","modified_gmt":"2026-04-09T11:46:11","slug":"allures-avocats","status":"publish","type":"page","link":"https:\/\/alluresavocats.com\/index.php\/allures-avocats\/","title":{"rendered":"Allures Avocats"},"content":{"rendered":"\n<!DOCTYPE html>\n<html lang=\"fr\">\n<head>\n    <meta charset=\"UTF-8\" \/>\n    <meta name=\"viewport\" content=\"width=device-width, initial-scale=1.0\" \/>\n    <title>AlluresAvocats &#8211; Cabinet d&rsquo;avocats d&rsquo;affaires<\/title>\n    <style>\n        body {\n            font-family: Arial, sans-serif;\n            margin: 0;\n            padding: 0;\n            color: #333;\n            background-color: #f7f7f7;\n        }\n        header {\n            background: #0b1d33;\n            color: white;\n            padding: 20px 40px;\n            display: flex;\n            justify-content: space-between;\n            align-items: center;\n        }\n        header h1 {\n            margin: 0;\n            font-size: 1.8em;\n            letter-spacing: 1px;\n        }\n        nav a {\n            color: white;\n            margin-left: 20px;\n            text-decoration: none;\n            font-weight: 500;\n        }\n        .hero {\n            background: url('https:\/\/images.unsplash.com\/photo-1521790361543-f645cf042ecf') center\/cover no-repeat;\n            height: 380px;\n            display: flex;\n            align-items: center;\n            justify-content: center;\n            text-align: center;\n            color: white;\n        }\n        .hero h2 {\n            font-size: 2.4em;\n            background: rgba(0,0,0,0.5);\n            padding: 20px 30px;\n            border-radius: 8px;\n        }\n        section {\n            padding: 60px 40px;\n            background: white;\n            margin: 30px auto;\n            max-width: 1100px;\n            border-radius: 10px;\n            box-shadow: 0 4px 12px rgba(0,0,0,0.1);\n        }\n        h3 {\n            font-size: 1.6em;\n            margin-bottom: 20px;\n        }\n        .services {\n            display: grid;\n            grid-template-columns: repeat(auto-fit, minmax(250px, 1fr));\n            gap: 20px;\n        }\n        .card {\n            background: #f1f1f1;\n            padding: 20px;\n            border-radius: 8px;\n        }\n        .contact {\n            background: #0b1d33;\n            color: white;\n            padding: 50px 40px;\n        }\n        footer {\n            background: #06101e;\n            color: white;\n            text-align: center;\n            padding: 20px 0;\n            margin-top: 40px;\n        }\n    <\/style>\n<\/head>\n<body>\n    <header>\n        <h1>AlluresAvocats<\/h1>\n        <nav>\n            <a href=\"#services\">Services<\/a>\n            <a href=\"#cabinet\">Le Cabinet<\/a>\n            <a href=\"#contact\">Contact<\/a>\n        <\/nav>\n    <\/header>\n\n    <div class=\"hero\">\n        <h2>Cabinet d&rsquo;avocats d&rsquo;affaires \u2014 Excellence, Strat\u00e9gie, R\u00e9sultats<\/h2>\n    <\/div>\n\n    <section id=\"services\">\n        <h3>Nos Domaines d&rsquo;Intervention<\/h3>\n        <div class=\"services\">\n            <div class=\"card\">\n                <h4>Droit des soci\u00e9t\u00e9s<\/h4>\n                <p>Conseil et accompagnement complet en mati\u00e8re de cr\u00e9ation, restructuration et gestion d&rsquo;entreprise.<\/p>\n            <\/div>\n            <div class=\"card\">\n                <h4>Fusions &#038; Acquisitions<\/h4>\n                <p>Assistance strat\u00e9gique, juridique et op\u00e9rationnelle dans vos op\u00e9rations de croissance externe.<\/p>\n            <\/div>\n            <div class=\"card\">\n                <h4>Contentieux commerciaux<\/h4>\n                <p>D\u00e9fense efficace et r\u00e9active dans les litiges entre entreprises et partenaires.<\/p>\n            <\/div>\n            <div class=\"card\">\n                <h4>Contrats &#038; N\u00e9gociations<\/h4>\n                <p>R\u00e9daction, analyse et s\u00e9curisation de tous vos accords commerciaux.<\/p>\n            <\/div>\n        <\/div>\n    <\/section>\n\n    <section id=\"cabinet\">\n        <h3>Le Cabinet<\/h3>\n        <p>AlluresAvocats est un cabinet sp\u00e9cialis\u00e9 en droit des affaires, reconnu pour son expertise, sa rigueur et son approche strat\u00e9gique. Nous accompagnons dirigeants, entreprises et investisseurs dans leurs enjeux juridiques les plus complexes, en France et \u00e0 l&rsquo;international.<\/p>\n    <\/section>\n\n    <section id=\"contact\" class=\"contact\">\n        <h3>Contact<\/h3>\n        <p>\ud83d\udccd Adresse : 485 rue Jurien de la Gravi\u00e8re 29200 Brest<\/p>\n        <p>\ud83d\udcde T\u00e9l\u00e9phone : +33 1 23 45 67 89<\/p>\n        <p>\ud83d\udce7 Email : brest@alluresavocats.fr<\/p>\n    <\/section>\n\n    <footer>\n        &copy; 2024 AlluresAvocats \u2014 Tous droits r\u00e9serv\u00e9s\n    <\/footer>\n<\/body>\n<\/html>\n","protected":false},"excerpt":{"rendered":"<p>AlluresAvocats &#8211; Cabinet d&rsquo;avocats d&rsquo;affaires AlluresAvocats Services Le Cabinet Contact Cabinet d&rsquo;avocats d&rsquo;affaires \u2014 Excellence, Strat\u00e9gie, R\u00e9sultats Nos Domaines d&rsquo;Intervention Droit des soci\u00e9t\u00e9s Conseil et accompagnement complet en mati\u00e8re de cr\u00e9ation, restructuration et gestion d&rsquo;entreprise. Fusions &#038; Acquisitions Assistance strat\u00e9gique, juridique et op\u00e9rationnelle dans vos op\u00e9rations de croissance externe. Contentieux commerciaux D\u00e9fense efficace et r\u00e9active [&hellip;]<\/p>\n","protected":false},"author":1,"featured_media":0,"parent":0,"menu_order":0,"comment_status":"closed","ping_status":"closed","template":"","meta":{"footnotes":""},"class_list":["post-14","page","type-page","status-publish","hentry"],"_links":{"self":[{"href":"https:\/\/alluresavocats.com\/index.php\/wp-json\/wp\/v2\/pages\/14","targetHints":{"allow":["GET"]}}],"collection":[{"href":"https:\/\/alluresavocats.com\/index.php\/wp-json\/wp\/v2\/pages"}],"about":[{"href":"https:\/\/alluresavocats.com\/index.php\/wp-json\/wp\/v2\/types\/page"}],"author":[{"embeddable":true,"href":"https:\/\/alluresavocats.com\/index.php\/wp-json\/wp\/v2\/users\/1"}],"replies":[{"embeddable":true,"href":"https:\/\/alluresavocats.com\/index.php\/wp-json\/wp\/v2\/comments?post=14"}],"version-history":[{"count":2,"href":"https:\/\/alluresavocats.com\/index.php\/wp-json\/wp\/v2\/pages\/14\/revisions"}],"predecessor-version":[{"id":17,"href":"https:\/\/alluresavocats.com\/index.php\/wp-json\/wp\/v2\/pages\/14\/revisions\/17"}],"wp:attachment":[{"href":"https:\/\/alluresavocats.com\/index.php\/wp-json\/wp\/v2\/media?parent=14"}],"curies":[{"name":"wp","href":"https:\/\/api.w.org\/{rel}","templated":true}]}}